{"id":141616,"date":"2017-11-24T12:23:46","date_gmt":"2017-11-24T14:23:46","guid":{"rendered":"https:\/\/www.fadadosexo.com\/?page_id=141616"},"modified":"2018-01-26T20:20:19","modified_gmt":"2018-01-26T22:20:19","slug":"atrizes-pornos","status":"publish","type":"page","link":"https:\/\/www.fadadosexo.com\/atrizes-pornos\/","title":{"rendered":"Atrizes Pornos"},"content":{"rendered":"<p>Diret\u00f3rio com atrizes e atores pornos citados no blog, s\u00e3o mulheres e homens gostosos em v\u00e1rias galerias de fotos, procure o seu ou sua preferida!<\/p>\n","protected":false},"excerpt":{"rendered":"<p>Diret\u00f3rio com atrizes e atores pornos citados no blog, s\u00e3o mulheres e homens gostosos em [&hellip;]<\/p>\n","protected":false},"author":1,"featured_media":0,"parent":0,"menu_order":0,"comment_status":"closed","ping_status":"closed","template":"template-pornostar.php","meta":{"footnotes":""},"class_list":["post-141616","page","type-page","status-publish","hentry"],"_links":{"self":[{"href":"https:\/\/www.fadadosexo.com\/wp-json\/wp\/v2\/pages\/141616","targetHints":{"allow":["GET"]}}],"collection":[{"href":"https:\/\/www.fadadosexo.com\/wp-json\/wp\/v2\/pages"}],"about":[{"href":"https:\/\/www.fadadosexo.com\/wp-json\/wp\/v2\/types\/page"}],"author":[{"embeddable":true,"href":"https:\/\/www.fadadosexo.com\/wp-json\/wp\/v2\/users\/1"}],"replies":[{"embeddable":true,"href":"https:\/\/www.fadadosexo.com\/wp-json\/wp\/v2\/comments?post=141616"}],"version-history":[{"count":0,"href":"https:\/\/www.fadadosexo.com\/wp-json\/wp\/v2\/pages\/141616\/revisions"}],"wp:attachment":[{"href":"https:\/\/www.fadadosexo.com\/wp-json\/wp\/v2\/media?parent=141616"}],"curies":[{"name":"wp","href":"https:\/\/api.w.org\/{rel}","templated":true}]}}